{"id":3066,"date":"2025-09-30T14:21:26","date_gmt":"2025-09-30T12:21:26","guid":{"rendered":"https:\/\/www.zahel.at\/?post_type=product&#038;p=3066"},"modified":"2026-04-29T14:05:59","modified_gmt":"2026-04-29T12:05:59","slug":"zahel-rose-demeter-2024-6er-paket","status":"publish","type":"product","link":"https:\/\/www.zahel.at\/en\/produkt\/zahel-rose-demeter-2024-6er-paket\/","title":{"rendered":"Zahel Ros\u00e9 Demeter 2025 &#8211; 6er Paket"},"content":{"rendered":"<p>Dieser Wiener Ros\u00e9 aus ist eine absolute Nische in unserem Sortiment. Er verbindet urbane Weintradition mit moderner, unkomplizierter Trinkfreude. Trinkspa\u00df und Eleganz stehen hier im Vordergrund. Der hohe Kalkgehalt dieser Lage bring viel Mineralit\u00e4t in diesen Ros\u00e9.<\/p>\n","protected":false},"excerpt":{"rendered":"<p>Ob als eleganter Aperitif, zu leichten Vorspeisen oder an warmen Sommerabenden \u2013 Unser Wiener Ros\u00e9 verbindet urbane Weintradition mit moderner und unkomplizierter Trinkfreude<\/p>\n","protected":false},"featured_media":3067,"template":"","meta":{"_acf_changed":false},"product_brand":[],"product_cat":[31,25,212],"product_tag":[],"class_list":{"0":"post-3066","1":"product","2":"type-product","3":"status-publish","4":"has-post-thumbnail","6":"product_cat-rosewein","7":"product_cat-wein-sekt","8":"product_cat-weinpakete","9":"pa_flaschengroesse-075l","10":"pa_geschmack-trocken","11":"pa_jahrgang-218","12":"pa_lage-saetzen-maurerberg","13":"pa_sorte-pinot-noir","15":"first","16":"instock","17":"sale","18":"taxable","19":"shipping-taxable","20":"purchasable","21":"product-type-simple"},"acf":[],"_links":{"self":[{"href":"https:\/\/www.zahel.at\/en\/wp-json\/wp\/v2\/product\/3066","targetHints":{"allow":["GET"]}}],"collection":[{"href":"https:\/\/www.zahel.at\/en\/wp-json\/wp\/v2\/product"}],"about":[{"href":"https:\/\/www.zahel.at\/en\/wp-json\/wp\/v2\/types\/product"}],"wp:featuredmedia":[{"embeddable":true,"href":"https:\/\/www.zahel.at\/en\/wp-json\/wp\/v2\/media\/3067"}],"wp:attachment":[{"href":"https:\/\/www.zahel.at\/en\/wp-json\/wp\/v2\/media?parent=3066"}],"wp:term":[{"taxonomy":"product_brand","embeddable":true,"href":"https:\/\/www.zahel.at\/en\/wp-json\/wp\/v2\/product_brand?post=3066"},{"taxonomy":"product_cat","embeddable":true,"href":"https:\/\/www.zahel.at\/en\/wp-json\/wp\/v2\/product_cat?post=3066"},{"taxonomy":"product_tag","embeddable":true,"href":"https:\/\/www.zahel.at\/en\/wp-json\/wp\/v2\/product_tag?post=3066"}],"curies":[{"name":"wp","href":"https:\/\/api.w.org\/{rel}","templated":true}]}}