{"id":2762,"date":"2024-11-13T11:29:33","date_gmt":"2024-11-13T10:29:33","guid":{"rendered":"https:\/\/www.zahel.at\/produkt\/grosslage-nussberg-wiener-gemischter-satz-dac-demeter-2024\/"},"modified":"2026-04-07T15:41:13","modified_gmt":"2026-04-07T13:41:13","slug":"demeter-grosslage-nussberg-wiener-gemischter-satz-dac-2024","status":"publish","type":"product","link":"https:\/\/www.zahel.at\/en\/produkt\/demeter-grosslage-nussberg-wiener-gemischter-satz-dac-2024\/","title":{"rendered":"Gro\u00dflage Nussberg Wiener Gemischter Satz DAC Demeter 2024"},"content":{"rendered":"<p>Der renommierte Wiener Nussberg liegt im 19. Bezirk, unmittelbar an der Donau im Nordwesten der Stadt. Von hier er\u00f6ffnet sich ein einzigartiger Blick \u00fcber Wien. Auf den H\u00e4ngen wachsen bis zu 60 Jahre alte Rebst\u00f6cke, deren Wurzeln im Muschelkalkfelsen verankert sind. \u00a0Die besondere Lage und der Boden sorgen f\u00fcr elegante, vielschichtige Weine.<\/p>\n","protected":false},"excerpt":{"rendered":"<p>Der Wiener Gemischten Satz DAC vom Nussberg hat eine komplexe Struktur mit burgundischer Eleganz.<\/p>\n","protected":false},"featured_media":1275,"template":"","meta":{"_acf_changed":false},"product_brand":[],"product_cat":[82,74],"product_tag":[],"class_list":{"0":"post-2762","1":"product","2":"type-product","3":"status-publish","4":"has-post-thumbnail","6":"product_cat-white-wine","7":"product_cat-wine-sparkling-wine","8":"pa_flaschengroesse-075l-en","9":"pa_geschmack-dry-en","10":"pa_jahrgang-2023-en","11":"pa_lage-nussberg-en","12":"pa_sorte-chardonnay-en","13":"pa_sorte-gemischter-satz-en","14":"pa_sorte-pinot-blanc-en-2","15":"pa_sorte-pinot-gris-en-2","17":"first","18":"outofstock","19":"taxable","20":"shipping-taxable","21":"purchasable","22":"product-type-simple"},"acf":[],"_links":{"self":[{"href":"https:\/\/www.zahel.at\/en\/wp-json\/wp\/v2\/product\/2762","targetHints":{"allow":["GET"]}}],"collection":[{"href":"https:\/\/www.zahel.at\/en\/wp-json\/wp\/v2\/product"}],"about":[{"href":"https:\/\/www.zahel.at\/en\/wp-json\/wp\/v2\/types\/product"}],"wp:featuredmedia":[{"embeddable":true,"href":"https:\/\/www.zahel.at\/en\/wp-json\/wp\/v2\/media\/1275"}],"wp:attachment":[{"href":"https:\/\/www.zahel.at\/en\/wp-json\/wp\/v2\/media?parent=2762"}],"wp:term":[{"taxonomy":"product_brand","embeddable":true,"href":"https:\/\/www.zahel.at\/en\/wp-json\/wp\/v2\/product_brand?post=2762"},{"taxonomy":"product_cat","embeddable":true,"href":"https:\/\/www.zahel.at\/en\/wp-json\/wp\/v2\/product_cat?post=2762"},{"taxonomy":"product_tag","embeddable":true,"href":"https:\/\/www.zahel.at\/en\/wp-json\/wp\/v2\/product_tag?post=2762"}],"curies":[{"name":"wp","href":"https:\/\/api.w.org\/{rel}","templated":true}]}}