{"id":2680,"date":"2024-11-11T09:46:35","date_gmt":"2024-11-11T08:46:35","guid":{"rendered":"https:\/\/www.zahel.at\/produkt\/ein-wildes-glaeschen-rose-demeter-2024\/"},"modified":"2025-08-29T18:07:53","modified_gmt":"2025-08-29T16:07:53","slug":"ein-wildes-glaeschen-rose-demeter-2024","status":"publish","type":"product","link":"https:\/\/www.zahel.at\/en\/produkt\/ein-wildes-glaeschen-rose-demeter-2024\/","title":{"rendered":"Ein wildes Gl\u00e4schen Ros\u00e9 Demeter 2024"},"content":{"rendered":"<p>Our &#8220;Ein Wildes Gl\u00e4schen&#8221; series are natural wines with minimal intervention in their production. Minimal sulphurization, no fining and cloudy filling characterize this mineral ros\u00e9.<\/p>\n","protected":false},"excerpt":{"rendered":"<p>This biodynamic ros\u00e9 wine embodies the philosophy of \u2018as much as necessary, as little as possible\u2019. A cuv\u00e9e made from Pinot Noir and St. Laurent.<\/p>\n","protected":false},"featured_media":1270,"template":"","meta":{"_acf_changed":false},"product_brand":[],"product_cat":[110,113,119,74],"product_tag":[],"class_list":{"0":"post-2680","1":"product","2":"type-product","3":"status-publish","4":"has-post-thumbnail","6":"product_cat-ein-wildes-glaeschen-en","7":"product_cat-product-lines","8":"product_cat-rose-wine","9":"product_cat-wine-sparkling-wine","10":"pa_flaschengroesse-075l-en","11":"pa_geschmack-dry-en","12":"pa_jahrgang-2024-en","13":"pa_sorte-cuvee-rose-en","15":"first","16":"instock","17":"taxable","18":"shipping-taxable","19":"purchasable","20":"product-type-simple"},"acf":[],"_links":{"self":[{"href":"https:\/\/www.zahel.at\/en\/wp-json\/wp\/v2\/product\/2680","targetHints":{"allow":["GET"]}}],"collection":[{"href":"https:\/\/www.zahel.at\/en\/wp-json\/wp\/v2\/product"}],"about":[{"href":"https:\/\/www.zahel.at\/en\/wp-json\/wp\/v2\/types\/product"}],"wp:featuredmedia":[{"embeddable":true,"href":"https:\/\/www.zahel.at\/en\/wp-json\/wp\/v2\/media\/1270"}],"wp:attachment":[{"href":"https:\/\/www.zahel.at\/en\/wp-json\/wp\/v2\/media?parent=2680"}],"wp:term":[{"taxonomy":"product_brand","embeddable":true,"href":"https:\/\/www.zahel.at\/en\/wp-json\/wp\/v2\/product_brand?post=2680"},{"taxonomy":"product_cat","embeddable":true,"href":"https:\/\/www.zahel.at\/en\/wp-json\/wp\/v2\/product_cat?post=2680"},{"taxonomy":"product_tag","embeddable":true,"href":"https:\/\/www.zahel.at\/en\/wp-json\/wp\/v2\/product_tag?post=2680"}],"curies":[{"name":"wp","href":"https:\/\/api.w.org\/{rel}","templated":true}]}}