{"id":2329,"date":"2024-11-14T13:51:07","date_gmt":"2024-11-14T12:51:07","guid":{"rendered":"https:\/\/www1.zahel.at\/produkt\/demeter-ried-goldberg-laaerberg-gruener-veltliner-2022-alte-reben\/"},"modified":"2025-08-29T18:06:17","modified_gmt":"2025-08-29T16:06:17","slug":"demeter-ried-goldberg-laaerberg-gruener-veltliner-2022-alte-reben","status":"publish","type":"product","link":"https:\/\/www.zahel.at\/en\/produkt\/demeter-ried-goldberg-laaerberg-gruener-veltliner-2022-alte-reben\/","title":{"rendered":"Ried Goldberg Laaerberg Gr\u00fcner Veltliner Demeter 2022 Alte Reben"},"content":{"rendered":"<p>Der Gr\u00fcner Veltliner vom Ried Goldberg Laaerberg kommt von alten Reben, die 65 Jahre alt sind und dadurch dem Wein viel balancierte Reife verleiht. Hinzu kommt auch noch durch das Anbaugebiet eine filigrane Mineralit\u00e4t, die den Wein einzigartig macht.<\/p>\n<p>&nbsp;<\/p>\n","protected":false},"excerpt":{"rendered":"<p>Dieser Gr\u00fcne Veltliner kommt von der Riede Goldberg. Sie ist die h\u00f6chstgelegenste Lage in der kleinsten Weinbauzone im S\u00fcdosten Wiens.<\/p>\n","protected":false},"featured_media":158,"template":"","meta":{"_acf_changed":false},"product_brand":[],"product_cat":[25,26],"product_tag":[],"class_list":{"0":"post-2329","1":"product","2":"type-product","3":"status-publish","4":"has-post-thumbnail","6":"product_cat-wein-sekt","7":"product_cat-weisswein","8":"pa_flaschengroesse-075l","9":"pa_geschmack-trocken","10":"pa_jahrgang-36","11":"pa_lage-kaasgraben","12":"pa_sorte-gruener-veltliner","14":"first","15":"instock","16":"taxable","17":"shipping-taxable","18":"purchasable","19":"product-type-simple"},"acf":[],"_links":{"self":[{"href":"https:\/\/www.zahel.at\/en\/wp-json\/wp\/v2\/product\/2329","targetHints":{"allow":["GET"]}}],"collection":[{"href":"https:\/\/www.zahel.at\/en\/wp-json\/wp\/v2\/product"}],"about":[{"href":"https:\/\/www.zahel.at\/en\/wp-json\/wp\/v2\/types\/product"}],"wp:featuredmedia":[{"embeddable":true,"href":"https:\/\/www.zahel.at\/en\/wp-json\/wp\/v2\/media\/158"}],"wp:attachment":[{"href":"https:\/\/www.zahel.at\/en\/wp-json\/wp\/v2\/media?parent=2329"}],"wp:term":[{"taxonomy":"product_brand","embeddable":true,"href":"https:\/\/www.zahel.at\/en\/wp-json\/wp\/v2\/product_brand?post=2329"},{"taxonomy":"product_cat","embeddable":true,"href":"https:\/\/www.zahel.at\/en\/wp-json\/wp\/v2\/product_cat?post=2329"},{"taxonomy":"product_tag","embeddable":true,"href":"https:\/\/www.zahel.at\/en\/wp-json\/wp\/v2\/product_tag?post=2329"}],"curies":[{"name":"wp","href":"https:\/\/api.w.org\/{rel}","templated":true}]}}